{"id":1578,"date":"2024-01-12T08:14:11","date_gmt":"2024-01-12T13:14:11","guid":{"rendered":"https:\/\/bakelite.com\/matieres-phenoliques-de-la-bakelite\/"},"modified":"2024-06-11T11:06:53","modified_gmt":"2024-06-11T16:06:53","slug":"matieres-phenoliques-de-la-bakelite","status":"publish","type":"page","link":"https:\/\/bakelite.com\/fr-ca\/matieres-phenoliques-de-la-bakelite\/","title":{"rendered":"Mati\u00e8res ph\u00e9noliques de la bak\u00e9lite\u00ae"},"content":{"rendered":"<div class=\"wpb-content-wrapper\"><p>[vc_row full_width=&#8221;stretch_row&#8221; equal_height=&#8221;yes&#8221; content_placement=&#8221;middle&#8221; css_animation=&#8221;slideInUp&#8221; thegem_revesrse_columns_tablet=&#8221;true&#8221; thegem_revesrse_columns_mobile=&#8221;true&#8221; css=&#8221;.vc_custom_1705072777665{padding-top: 42px !important;padding-bottom: 42px !important;}&#8221; mobile_padding_top=&#8221;0&#8243; mobile_padding_bottom=&#8221;0&#8243; mobile_margin_bottom=&#8221;18&#8243;][vc_column offset=&#8221;vc_col-md-6&#8243; css=&#8221;.vc_custom_1705069078172{padding-right: 10% !important;}&#8221; tablet_padding_left=&#8221;21&#8243; tablet_padding_right=&#8221;21&#8243;][vc_column_text css_animation=&#8221;appear&#8221;]<\/p>\n<h2><span style=\"color: #8492a7;\">Des performances fiables. Qualit\u00e9 constante.<\/span> Des solutions innovantes.<\/h2>\n<p><strong>Ce sont les cl\u00e9s du succ\u00e8s de la marque Bakelite\u00ae, qui est \u00e0 l\u2019avant-garde de l\u2019industrie ph\u00e9nolique depuis plus d\u2019un si\u00e8cle.<\/strong><\/p>\n<p>Depuis 1907, lorsque Leo Baekeland a cr\u00e9\u00e9 le premier plastique thermodurcissable synth\u00e9tique, la marque Bakelite<sup>\u00ae<\/sup> repr\u00e9sente les meilleures r\u00e9sines ph\u00e9noliques et compos\u00e9s de moulage &#8211; soutenus par le meilleur support technique et de formulation au monde. Il n\u2019y a pas de meilleur mat\u00e9riau que les r\u00e9sines ph\u00e9noliques bak\u00e9lite\u00ae lorsque votre application n\u00e9cessite\u00a0:[\/vc_column_text]<div class=\"gem-list gem-list-type-disc-style-1\" ><ul>\n<li>R\u00e9sistance remarquable \u00e0 la chaleur<\/li>\n<li>Duret\u00e9 de surface<\/li>\n<li>Stabilit\u00e9 dimensionnelle<\/li>\n<li>R\u00e9sistance chimique<\/li>\n<li>Propri\u00e9t\u00e9s isolantes \u00e9lectriques<\/li>\n<li>Propri\u00e9t\u00e9s am\u00e9lior\u00e9es du TSF (toxicit\u00e9 de la fum\u00e9e d\u2019incendie)<\/li>\n<\/ul>\n<\/div>[\/vc_column][vc_column offset=&#8221;vc_col-md-6&#8243;][vc_single_image image=&#8221;941&#8243; img_size=&#8221;full&#8221; css_animation=&#8221;fadeInUp&#8221;][\/vc_column][\/vc_row][vc_row full_width=&#8221;stretch_row_content_no_spaces&#8221; equal_height=&#8221;yes&#8221; content_placement=&#8221;middle&#8221; css_animation=&#8221;slideInUp&#8221; css=&#8221;.vc_custom_1705072793067{margin-top: 0px !important;margin-bottom: 0px !important;background-color: #002750 !important;}&#8221;][vc_column background_position_desktop=&#8221;right center&#8221; css_animation=&#8221;fadeInRight&#8221; offset=&#8221;vc_col-lg-6&#8243; css=&#8221;.vc_custom_1711385868930{padding-top: 500px !important;background-image: url(https:\/\/bakelite.wpenginepowered.com\/wp-content\/uploads\/2024\/03\/Phenolic-Materials-02.png?id=411) !important;background-position: center !important;background-repeat: no-repeat !important;background-size: cover !important;}&#8221; mobile_padding_top=&#8221;310&#8243;][\/vc_column][vc_column css_animation=&#8221;none&#8221; offset=&#8221;vc_col-lg-4&#8243; css=&#8221;.vc_custom_1705073072047{padding-top: 128px !important;padding-bottom: 128px !important;padding-left: 21px !important;}&#8221; tablet_padding_top=&#8221;66&#8243; tablet_padding_bottom=&#8221;66&#8243; tablet_padding_right=&#8221;21&#8243; el_class=&#8221;white-text&#8221; mobile_padding_top=&#8221;41&#8243; mobile_padding_bottom=&#8221;32&#8243;][vc_column_text css_animation=&#8221;appear&#8221; el_class=&#8221;white-text&#8221;]La polyvalence des r\u00e9sines ph\u00e9noliques en fait des composants attrayants des formulations dans de nombreuses industries. Ils peuvent \u00e9galement \u00eatre offerts en combinaison avec des additifs r\u00e9sistants au feu et aux ravageurs. Les compos\u00e9s ph\u00e9noliques bak\u00e9lite\u00ae peuvent se pr\u00e9senter sous diverses formes, adapt\u00e9es \u00e0 leurs nombreuses applications\u00a0:[\/vc_column_text]<div class=\"gem-list gem-list-type-disc-style-1 gem-list-color-12\" ><ul>\n<li><span style=\"color: #ffffff;\">Poudre novolacs (avec ou sans modification)<\/span><\/li>\n<li><span style=\"color: #ffffff;\">Semelles liquides alcalines et alcalines<\/span><\/li>\n<li><span style=\"color: #ffffff;\">R\u00e9sines ph\u00e9noliques\/cresyliques<\/span><\/li>\n<li><span style=\"color: #ffffff;\">Solutions de r\u00e9sine \u00e0 base de solvants<\/span><\/li>\n<li><span style=\"color: #ffffff;\">Solutions de r\u00e9sine \u00e0 base d\u2019eau<\/span><\/li>\n<li><span style=\"color: #ffffff;\">Options de monom\u00e8re faible libre<\/span><\/li>\n<li><span style=\"color: #ffffff;\">Compos\u00e9s de moulage<\/span><\/li>\n<\/ul>\n<\/div>[vc_column_text css_animation=&#8221;appear&#8221; el_class=&#8221;white-text&#8221;]Capitalisant sur nos d\u00e9cennies d\u2019exp\u00e9rience avec la r\u00e9sine ph\u00e9nolique, nous continuons \u00e0 cr\u00e9er de nouveaux produits qui am\u00e9liorent les avantages inh\u00e9rents de ces produits afin d\u2019aborder la durabilit\u00e9, la facilit\u00e9 de traitement et d\u2019offrir des avantages suppl\u00e9mentaires. Des innovations telles que la technologie <span style=\"color: #ffffff;\"><br \/>\n<a style=\"color: #ffffff;\" href=\"https:\/\/bakelite.com\/innovation\/low-monomer-resins\/\">BreakThru\u2122<\/a><br \/>\n<\/span> peuvent fournir encore plus d\u2019options pour l\u2019utilisation de notre portefeuille existant de produits ph\u00e9noliques.[\/vc_column_text][\/vc_column][\/vc_row][vc_row gap=&#8221;25&#8243; equal_height=&#8221;yes&#8221; content_placement=&#8221;middle&#8221; css_animation=&#8221;slideInUp&#8221; css=&#8221;.vc_custom_1710941533971{padding-top: 48px !important;padding-bottom: 48px !important;}&#8221; mobile_padding_top=&#8221;0&#8243; mobile_padding_bottom=&#8221;16&#8243; el_id=&#8221;Industrie-Produits-Titres&#8221;][vc_column offset=&#8221;vc_col-lg-offset-1 vc_col-lg-10&#8243; css=&#8221;.vc_custom_1705070884588{margin-bottom: 42px !important;}&#8221;][vc_column_text css_animation=&#8221;appear&#8221;]<\/p>\n<h2 style=\"text-align: center;\">Industries pour les mat\u00e9riaux ph\u00e9noliques<\/h2>\n<p style=\"text-align: center;\">Pour trouver les bonnes r\u00e9sines ph\u00e9noliques avec les avantages n\u00e9cessaires pour votre application, cliquez sur l\u2019industrie appropri\u00e9e. Souvent, nos solutions de r\u00e9sine ph\u00e9nolique peuvent \u00eatre adapt\u00e9es \u00e0 vos besoins sp\u00e9cifiques.<\/p>\n<p>[\/vc_column_text][\/vc_column][vc_column width=&#8221;1\/2&#8243; background_position_desktop=&#8221;right center&#8221; css_animation=&#8221;appear&#8221; css=&#8221;.vc_custom_1705072370305{padding-top: 0px !important;padding-right: 0px !important;padding-bottom: 0px !important;padding-left: 0px !important;background: #002750 url(https:\/\/bakelite.wpenginepowered.com\/wp-content\/uploads\/2024\/01\/Building-Construction-product-industries-img.png?id=142) !important;background-position: center !important;background-repeat: no-repeat !important;background-size: contain !important;}&#8221; offset=&#8221;vc_col-md-4&#8243;][vc_column_text el_class=&#8221;industries-width white-text&#8221; css=&#8221;.vc_custom_1714665739719{margin-bottom: 0px !important;padding-top: 42px !important;padding-right: 24px !important;padding-bottom: 42px !important;padding-left: 24px !important;}&#8221;]<\/p>\n<h6><a style=\"color: #002750;\" href=\"https:\/\/bakelite.com\/industries\/building-construction\/\">B\u00e2timent &amp; Construction<\/a><\/h6>\n<p>[\/vc_column_text][\/vc_column][vc_column width=&#8221;1\/2&#8243; background_position_desktop=&#8221;right center&#8221; css_animation=&#8221;appear&#8221; offset=&#8221;vc_col-md-4&#8243; css=&#8221;.vc_custom_1705072381691{padding-top: 0px !important;padding-right: 0px !important;padding-bottom: 0px !important;padding-left: 0px !important;background: #002750 url(https:\/\/bakelite.wpenginepowered.com\/wp-content\/uploads\/2024\/01\/Transportation-product-industries-img.png?id=153) !important;background-position: center !important;background-repeat: no-repeat !important;background-size: contain !important;}&#8221; effects_enabled_delay=&#8221;60&#8243;][vc_column_text el_class=&#8221;industries-width white-text&#8221; css=&#8221;.vc_custom_1714665966499{margin-bottom: 0px !important;padding-top: 42px !important;padding-right: 24px !important;padding-bottom: 42px !important;padding-left: 24px !important;}&#8221;]<\/p>\n<h6><a style=\"color: #002750;\" href=\"https:\/\/bakelite.com\/industries\/transportation\/\">Transports<\/a><\/h6>\n<p>[\/vc_column_text][\/vc_column][vc_column width=&#8221;1\/2&#8243; background_position_desktop=&#8221;right center&#8221; css_animation=&#8221;appear&#8221; offset=&#8221;vc_col-md-4&#8243; css=&#8221;.vc_custom_1711583853193{padding-top: 0px !important;padding-right: 0px !important;padding-bottom: 0px !important;padding-left: 0px !important;background: #002750 url(https:\/\/bakelite.wpenginepowered.com\/wp-content\/uploads\/2024\/03\/Chemical-Intermediates-Img-02.png?id=424) !important;background-position: center !important;background-repeat: no-repeat !important;background-size: contain !important;}&#8221; effects_enabled_delay=&#8221;120&#8243;][vc_column_text el_class=&#8221;industries-width white-text&#8221; css=&#8221;.vc_custom_1714665894020{margin-bottom: 0px !important;padding-top: 42px !important;padding-right: 24px !important;padding-bottom: 42px !important;padding-left: 24px !important;}&#8221;]<\/p>\n<h6><a style=\"color: #002750;\" href=\"https:\/\/bakelite.com\/industries\/agricultural-chemical-intermediates\/\">Interm\u00e9diaires chimiques<\/a><\/h6>\n<p>[\/vc_column_text][\/vc_column][vc_column width=&#8221;1\/2&#8243; background_position_desktop=&#8221;right center&#8221; css_animation=&#8221;appear&#8221; offset=&#8221;vc_col-md-4&#8243; css=&#8221;.vc_custom_1705072397438{padding-top: 0px !important;padding-right: 0px !important;padding-bottom: 0px !important;padding-left: 0px !important;background: #002750 url(https:\/\/bakelite.wpenginepowered.com\/wp-content\/uploads\/2024\/01\/Oil-NaturalGas-Fuel-Mining-product-industries-img.png?id=149) !important;background-position: center !important;background-repeat: no-repeat !important;background-size: contain !important;}&#8221;][vc_column_text el_class=&#8221;industries-width white-text&#8221; css=&#8221;.vc_custom_1714665979179{margin-bottom: 0px !important;padding-top: 42px !important;padding-right: 24px !important;padding-bottom: 42px !important;padding-left: 24px !important;}&#8221;]<\/p>\n<h6><span style=\"color: #002750;\"><a style=\"color: #002750;\" href=\"https:\/\/bakelite.com\/industries\/oil-natural-gas-fuel-mining\/\">P\u00e9trole, gaz naturel, carburant et mines<\/a><\/span><\/h6>\n<p>[\/vc_column_text][\/vc_column][vc_column width=&#8221;1\/2&#8243; background_position_desktop=&#8221;right center&#8221; css_animation=&#8221;appear&#8221; css=&#8221;.vc_custom_1705072406424{padding-top: 0px !important;padding-right: 0px !important;padding-bottom: 0px !important;padding-left: 0px !important;background: #002750 url(https:\/\/bakelite.wpenginepowered.com\/wp-content\/uploads\/2024\/01\/Electrical-Electronics-product-industries-img.png?id=146) !important;background-position: center !important;background-repeat: no-repeat !important;background-size: contain !important;}&#8221; offset=&#8221;vc_col-md-4&#8243; effects_enabled_delay=&#8221;60&#8243;][vc_column_text el_class=&#8221;industries-width white-text&#8221; css=&#8221;.vc_custom_1714666016380{margin-bottom: 0px !important;padding-top: 42px !important;padding-right: 24px !important;padding-bottom: 42px !important;padding-left: 24px !important;}&#8221;]<\/p>\n<h6><span style=\"color: #002750;\"><a style=\"color: #002750;\" href=\"https:\/\/bakelite.com\/industries\/electrical-electronics\/\">\u00c9lectrique \/ \u00c9lectronique<\/a><\/span><\/h6>\n<p>[\/vc_column_text][\/vc_column][vc_column width=&#8221;1\/2&#8243; background_position_desktop=&#8221;right center&#8221; css_animation=&#8221;appear&#8221; css=&#8221;.vc_custom_1705072416104{padding-top: 0px !important;padding-right: 0px !important;padding-bottom: 0px !important;padding-left: 0px !important;background: #002750 url(https:\/\/bakelite.wpenginepowered.com\/wp-content\/uploads\/2024\/01\/Industrial-product-industries-img.png?id=147) !important;background-position: center !important;background-repeat: no-repeat !important;background-size: contain !important;}&#8221; offset=&#8221;vc_col-md-4&#8243; effects_enabled_delay=&#8221;120&#8243;][vc_column_text el_class=&#8221;industries-width white-text&#8221; css=&#8221;.vc_custom_1714666041225{margin-bottom: 0px !important;padding-top: 42px !important;padding-right: 24px !important;padding-bottom: 42px !important;padding-left: 24px !important;}&#8221;]<\/p>\n<h6><span style=\"color: #002750;\"><a style=\"color: #002750;\" href=\"https:\/\/bakelite.com\/industries\/industrial-manufacturing\/\">Secteur industriel<\/a><\/span><\/h6>\n<p>[\/vc_column_text][\/vc_column][vc_column width=&#8221;1\/2&#8243; background_position_desktop=&#8221;right center&#8221; css_animation=&#8221;appear&#8221; css=&#8221;.vc_custom_1705072423194{padding-top: 0px !important;padding-right: 0px !important;padding-bottom: 0px !important;padding-left: 0px !important;background: #002750 url(https:\/\/bakelite.wpenginepowered.com\/wp-content\/uploads\/2024\/01\/Molding-Compounds-product-industries-img1.png?id=156) !important;background-position: center !important;background-repeat: no-repeat !important;background-size: contain !important;}&#8221; offset=&#8221;vc_col-md-4&#8243;][vc_column_text el_class=&#8221;industries-width white-text&#8221; css=&#8221;.vc_custom_1714666064653{margin-bottom: 0px !important;padding-top: 32px !important;padding-right: 24px !important;padding-bottom: 32px !important;padding-left: 24px !important;}&#8221;]<\/p>\n<h6><span style=\"color: #002750;\"><a style=\"color: #002750;\" href=\"https:\/\/bakelite.com\/industries\/molding-compounds\/\">Compos\u00e9s de moulage<\/a><\/span><\/h6>\n<p>[\/vc_column_text][\/vc_column][vc_column width=&#8221;1\/2&#8243; background_position_desktop=&#8221;right center&#8221; css_animation=&#8221;appear&#8221; css=&#8221;.vc_custom_1705072431540{padding-top: 0px !important;padding-right: 0px !important;padding-bottom: 0px !important;padding-left: 0px !important;background: #002750 url(https:\/\/bakelite.wpenginepowered.com\/wp-content\/uploads\/2024\/01\/Consumer-Goods-product-industries-img.png?id=145) !important;background-position: center !important;background-repeat: no-repeat !important;background-size: contain !important;}&#8221; offset=&#8221;vc_col-md-4&#8243; effects_enabled_delay=&#8221;60&#8243;][vc_column_text el_class=&#8221;industries-width white-text&#8221; css=&#8221;.vc_custom_1714666084179{margin-bottom: 0px !important;padding-top: 32px !important;padding-right: 24px !important;padding-bottom: 32px !important;padding-left: 24px !important;}&#8221;]<\/p>\n<h6><span style=\"color: #002750;\"><a style=\"color: #002750;\" href=\"https:\/\/bakelite.com\/industries\/consumer-goods\/\">Biens de consommation<\/a><\/span><\/h6>\n<p>[\/vc_column_text][\/vc_column][vc_column width=&#8221;1\/2&#8243; background_position_desktop=&#8221;right center&#8221; css_animation=&#8221;appear&#8221; css=&#8221;.vc_custom_1717420504893{padding-top: 0px !important;padding-right: 0px !important;padding-bottom: 0px !important;padding-left: 0px !important;background: #002750 url(https:\/\/bakelite.wpenginepowered.com\/wp-content\/uploads\/2024\/06\/Coatings-Inks-Adheasives-Sealants-industries-img-001.png?id=943) !important;background-position: center !important;background-repeat: no-repeat !important;background-size: contain !important;}&#8221; offset=&#8221;vc_col-md-4&#8243; effects_enabled_delay=&#8221;120&#8243;][vc_column_text el_class=&#8221;industries-width white-text&#8221; css=&#8221;.vc_custom_1714666127715{margin-bottom: 0px !important;padding-top: 32px !important;padding-right: 24px !important;padding-bottom: 32px !important;padding-left: 24px !important;}&#8221;]<\/p>\n<h6><span style=\"color: #002750;\"><a style=\"color: #002750;\" href=\"https:\/\/bakelite.com\/industries\/coatings-inks-adhesives-sealants\/\">Rev\u00eatements \/ Encres \/ Adh\u00e9sifs \/ Scellants<\/a><\/span><\/h6>\n<p>[\/vc_column_text][\/vc_column][\/vc_row]<\/p>\n<\/div>","protected":false},"excerpt":{"rendered":"<p>[vc_row full_width=&#8221;stretch_row&#8221; equal_height=&#8221;yes&#8221; content_placement=&#8221;middle&#8221; css_animation=&#8221;slideInUp&#8221; thegem_revesrse_columns_tablet=&#8221;true&#8221; thegem_revesrse_columns_mobile=&#8221;true&#8221; css=&#8221;.vc_custom_1705072777665{padding-top: 42px !important;padding-bottom: 42px !important;}&#8221; mobile_padding_top=&#8221;0&#8243; mobile_padding_bottom=&#8221;0&#8243; mobile_margin_bottom=&#8221;18&#8243;][vc_column offset=&#8221;vc_col-md-6&#8243; css=&#8221;.vc_custom_1705069078172{padding-right: 10% !important;}&#8221; tablet_padding_left=&#8221;21&#8243;&#8230;<\/p>\n","protected":false},"author":1,"featured_media":0,"parent":0,"menu_order":0,"comment_status":"closed","ping_status":"closed","template":"","meta":{"footnotes":""},"class_list":["post-1578","page","type-page","status-publish"],"yoast_head":"<!-- This site is optimized with the Yoast SEO Premium plugin v27.3 (Yoast SEO v27.3) - https:\/\/yoast.com\/product\/yoast-seo-premium-wordpress\/ -->\n<title>R\u00e9sine ph\u00e9nolique de Bakelite\u00ae Synthetics\u00a0: qualit\u00e9 \u00e0 laquelle vous pouvez faire confiance<\/title>\n<meta name=\"description\" content=\"Nous offrons une r\u00e9sine ph\u00e9nolique de haute qualit\u00e9, commun\u00e9ment appel\u00e9e Bak\u00e9lite\u00ae. Explorez la polyvalence de la bak\u00e9lite\u00ae et ce qui fait de ce mat\u00e9riau un composant attrayant.\" \/>\n<meta name=\"robots\" content=\"index, follow, max-snippet:-1, max-image-preview:large, max-video-preview:-1\" \/>\n<link rel=\"canonical\" href=\"https:\/\/bakelite.com\/fr-ca\/matieres-phenoliques-de-la-bakelite\/\" \/>\n<meta property=\"og:locale\" content=\"fr_FR\" \/>\n<meta property=\"og:type\" content=\"article\" \/>\n<meta property=\"og:title\" content=\"Mati\u00e8res ph\u00e9noliques de la bak\u00e9lite\u00ae\" \/>\n<meta property=\"og:description\" content=\"Nous offrons une r\u00e9sine ph\u00e9nolique de haute qualit\u00e9, commun\u00e9ment appel\u00e9e Bak\u00e9lite\u00ae. Explorez la polyvalence de la bak\u00e9lite\u00ae et ce qui fait de ce mat\u00e9riau un composant attrayant.\" \/>\n<meta property=\"og:url\" content=\"https:\/\/bakelite.com\/fr-ca\/matieres-phenoliques-de-la-bakelite\/\" \/>\n<meta property=\"og:site_name\" content=\"Bakelite\" \/>\n<meta property=\"article:publisher\" content=\"https:\/\/www.facebook.com\/bakelitesynthetics\" \/>\n<meta property=\"article:modified_time\" content=\"2024-06-11T16:06:53+00:00\" \/>\n<meta property=\"og:image\" content=\"https:\/\/bakelite.com\/wp-content\/uploads\/2026\/01\/Untitled-82.png\" \/>\n\t<meta property=\"og:image:width\" content=\"1200\" \/>\n\t<meta property=\"og:image:height\" content=\"675\" \/>\n\t<meta property=\"og:image:type\" content=\"image\/png\" \/>\n<meta name=\"twitter:card\" content=\"summary_large_image\" \/>\n<meta name=\"twitter:label1\" content=\"Est. reading time\" \/>\n\t<meta name=\"twitter:data1\" content=\"4 minutes\" \/>\n<script type=\"application\/ld+json\" class=\"yoast-schema-graph\">{\"@context\":\"https:\\\/\\\/schema.org\",\"@graph\":[{\"@type\":\"WebPage\",\"@id\":\"https:\\\/\\\/bakelite.com\\\/fr-ca\\\/matieres-phenoliques-de-la-bakelite\\\/\",\"url\":\"https:\\\/\\\/bakelite.com\\\/fr-ca\\\/matieres-phenoliques-de-la-bakelite\\\/\",\"name\":\"R\u00e9sine ph\u00e9nolique de Bakelite\u00ae Synthetics\u00a0: qualit\u00e9 \u00e0 laquelle vous pouvez faire confiance\",\"isPartOf\":{\"@id\":\"https:\\\/\\\/bakelite.com\\\/fr-ca\\\/#website\"},\"datePublished\":\"2024-01-12T13:14:11+00:00\",\"dateModified\":\"2024-06-11T16:06:53+00:00\",\"description\":\"Nous offrons une r\u00e9sine ph\u00e9nolique de haute qualit\u00e9, commun\u00e9ment appel\u00e9e Bak\u00e9lite\u00ae. Explorez la polyvalence de la bak\u00e9lite\u00ae et ce qui fait de ce mat\u00e9riau un composant attrayant.\",\"inLanguage\":\"french-canadian\",\"potentialAction\":[{\"@type\":\"ReadAction\",\"target\":[\"https:\\\/\\\/bakelite.com\\\/fr-ca\\\/matieres-phenoliques-de-la-bakelite\\\/\"]}]},{\"@type\":\"WebSite\",\"@id\":\"https:\\\/\\\/bakelite.com\\\/fr-ca\\\/#website\",\"url\":\"https:\\\/\\\/bakelite.com\\\/fr-ca\\\/\",\"name\":\"Bakelite\",\"description\":\"\",\"publisher\":{\"@id\":\"https:\\\/\\\/bakelite.com\\\/fr-ca\\\/#organization\"},\"potentialAction\":[{\"@type\":\"SearchAction\",\"target\":{\"@type\":\"EntryPoint\",\"urlTemplate\":\"https:\\\/\\\/bakelite.com\\\/fr-ca\\\/?s={search_term_string}\"},\"query-input\":{\"@type\":\"PropertyValueSpecification\",\"valueRequired\":true,\"valueName\":\"search_term_string\"}}],\"inLanguage\":\"french-canadian\"},{\"@type\":[\"Organization\",\"Place\"],\"@id\":\"https:\\\/\\\/bakelite.com\\\/fr-ca\\\/#organization\",\"name\":\"Bakelite\",\"url\":\"https:\\\/\\\/bakelite.com\\\/fr-ca\\\/\",\"logo\":{\"@id\":\"https:\\\/\\\/bakelite.com\\\/fr-ca\\\/matieres-phenoliques-de-la-bakelite\\\/#local-main-organization-logo\"},\"image\":{\"@id\":\"https:\\\/\\\/bakelite.com\\\/fr-ca\\\/matieres-phenoliques-de-la-bakelite\\\/#local-main-organization-logo\"},\"sameAs\":[\"https:\\\/\\\/www.facebook.com\\\/bakelitesynthetics\",\"https:\\\/\\\/www.linkedin.com\\\/company\\\/bakelite-synthetics\\\/\"],\"numberOfEmployees\":{\"@type\":\"QuantitativeValue\",\"minValue\":\"1001\",\"maxValue\":\"5000\"},\"telephone\":[],\"openingHoursSpecification\":[{\"@type\":\"OpeningHoursSpecification\",\"dayOfWeek\":[\"Sunday\",\"Monday\",\"Tuesday\",\"Wednesday\",\"Thursday\",\"Friday\",\"Saturday\"],\"opens\":\"09:00\",\"closes\":\"17:00\"}]},{\"@type\":\"ImageObject\",\"inLanguage\":\"french-canadian\",\"@id\":\"https:\\\/\\\/bakelite.com\\\/fr-ca\\\/matieres-phenoliques-de-la-bakelite\\\/#local-main-organization-logo\",\"url\":\"https:\\\/\\\/bakelite.com\\\/wp-content\\\/uploads\\\/2025\\\/12\\\/Untitled-69.png\",\"contentUrl\":\"https:\\\/\\\/bakelite.com\\\/wp-content\\\/uploads\\\/2025\\\/12\\\/Untitled-69.png\",\"width\":696,\"height\":696,\"caption\":\"Bakelite\"}]}<\/script>\n<!-- \/ Yoast SEO Premium plugin. -->","yoast_head_json":{"title":"R\u00e9sine ph\u00e9nolique de Bakelite\u00ae Synthetics\u00a0: qualit\u00e9 \u00e0 laquelle vous pouvez faire confiance","description":"Nous offrons une r\u00e9sine ph\u00e9nolique de haute qualit\u00e9, commun\u00e9ment appel\u00e9e Bak\u00e9lite\u00ae. Explorez la polyvalence de la bak\u00e9lite\u00ae et ce qui fait de ce mat\u00e9riau un composant attrayant.","robots":{"index":"index","follow":"follow","max-snippet":"max-snippet:-1","max-image-preview":"max-image-preview:large","max-video-preview":"max-video-preview:-1"},"canonical":"https:\/\/bakelite.com\/fr-ca\/matieres-phenoliques-de-la-bakelite\/","og_locale":"fr_FR","og_type":"article","og_title":"Mati\u00e8res ph\u00e9noliques de la bak\u00e9lite\u00ae","og_description":"Nous offrons une r\u00e9sine ph\u00e9nolique de haute qualit\u00e9, commun\u00e9ment appel\u00e9e Bak\u00e9lite\u00ae. Explorez la polyvalence de la bak\u00e9lite\u00ae et ce qui fait de ce mat\u00e9riau un composant attrayant.","og_url":"https:\/\/bakelite.com\/fr-ca\/matieres-phenoliques-de-la-bakelite\/","og_site_name":"Bakelite","article_publisher":"https:\/\/www.facebook.com\/bakelitesynthetics","article_modified_time":"2024-06-11T16:06:53+00:00","og_image":[{"width":1200,"height":675,"url":"https:\/\/bakelite.com\/wp-content\/uploads\/2026\/01\/Untitled-82.png","type":"image\/png"}],"twitter_card":"summary_large_image","twitter_misc":{"Est. reading time":"4 minutes"},"schema":{"@context":"https:\/\/schema.org","@graph":[{"@type":"WebPage","@id":"https:\/\/bakelite.com\/fr-ca\/matieres-phenoliques-de-la-bakelite\/","url":"https:\/\/bakelite.com\/fr-ca\/matieres-phenoliques-de-la-bakelite\/","name":"R\u00e9sine ph\u00e9nolique de Bakelite\u00ae Synthetics\u00a0: qualit\u00e9 \u00e0 laquelle vous pouvez faire confiance","isPartOf":{"@id":"https:\/\/bakelite.com\/fr-ca\/#website"},"datePublished":"2024-01-12T13:14:11+00:00","dateModified":"2024-06-11T16:06:53+00:00","description":"Nous offrons une r\u00e9sine ph\u00e9nolique de haute qualit\u00e9, commun\u00e9ment appel\u00e9e Bak\u00e9lite\u00ae. Explorez la polyvalence de la bak\u00e9lite\u00ae et ce qui fait de ce mat\u00e9riau un composant attrayant.","inLanguage":"french-canadian","potentialAction":[{"@type":"ReadAction","target":["https:\/\/bakelite.com\/fr-ca\/matieres-phenoliques-de-la-bakelite\/"]}]},{"@type":"WebSite","@id":"https:\/\/bakelite.com\/fr-ca\/#website","url":"https:\/\/bakelite.com\/fr-ca\/","name":"Bakelite","description":"","publisher":{"@id":"https:\/\/bakelite.com\/fr-ca\/#organization"},"potentialAction":[{"@type":"SearchAction","target":{"@type":"EntryPoint","urlTemplate":"https:\/\/bakelite.com\/fr-ca\/?s={search_term_string}"},"query-input":{"@type":"PropertyValueSpecification","valueRequired":true,"valueName":"search_term_string"}}],"inLanguage":"french-canadian"},{"@type":["Organization","Place"],"@id":"https:\/\/bakelite.com\/fr-ca\/#organization","name":"Bakelite","url":"https:\/\/bakelite.com\/fr-ca\/","logo":{"@id":"https:\/\/bakelite.com\/fr-ca\/matieres-phenoliques-de-la-bakelite\/#local-main-organization-logo"},"image":{"@id":"https:\/\/bakelite.com\/fr-ca\/matieres-phenoliques-de-la-bakelite\/#local-main-organization-logo"},"sameAs":["https:\/\/www.facebook.com\/bakelitesynthetics","https:\/\/www.linkedin.com\/company\/bakelite-synthetics\/"],"numberOfEmployees":{"@type":"QuantitativeValue","minValue":"1001","maxValue":"5000"},"telephone":[],"openingHoursSpecification":[{"@type":"OpeningHoursSpecification","dayOfWeek":["Sunday","Monday","Tuesday","Wednesday","Thursday","Friday","Saturday"],"opens":"09:00","closes":"17:00"}]},{"@type":"ImageObject","inLanguage":"french-canadian","@id":"https:\/\/bakelite.com\/fr-ca\/matieres-phenoliques-de-la-bakelite\/#local-main-organization-logo","url":"https:\/\/bakelite.com\/wp-content\/uploads\/2025\/12\/Untitled-69.png","contentUrl":"https:\/\/bakelite.com\/wp-content\/uploads\/2025\/12\/Untitled-69.png","width":696,"height":696,"caption":"Bakelite"}]}},"publishpress_future_workflow_manual_trigger":{"enabledWorkflows":[]},"_links":{"self":[{"href":"https:\/\/bakelite.com\/fr-ca\/wp-json\/wp\/v2\/pages\/1578","targetHints":{"allow":["GET"]}}],"collection":[{"href":"https:\/\/bakelite.com\/fr-ca\/wp-json\/wp\/v2\/pages"}],"about":[{"href":"https:\/\/bakelite.com\/fr-ca\/wp-json\/wp\/v2\/types\/page"}],"author":[{"embeddable":true,"href":"https:\/\/bakelite.com\/fr-ca\/wp-json\/wp\/v2\/users\/1"}],"replies":[{"embeddable":true,"href":"https:\/\/bakelite.com\/fr-ca\/wp-json\/wp\/v2\/comments?post=1578"}],"version-history":[{"count":0,"href":"https:\/\/bakelite.com\/fr-ca\/wp-json\/wp\/v2\/pages\/1578\/revisions"}],"wp:attachment":[{"href":"https:\/\/bakelite.com\/fr-ca\/wp-json\/wp\/v2\/media?parent=1578"}],"curies":[{"name":"wp","href":"https:\/\/api.w.org\/{rel}","templated":true}]}}